{"id":369,"date":"2020-04-12T23:35:29","date_gmt":"2020-04-12T21:35:29","guid":{"rendered":"https:\/\/www.musicletter.it\/luca\/?page_id=369"},"modified":"2020-05-11T21:05:13","modified_gmt":"2020-05-11T19:05:13","slug":"privacy-policy","status":"publish","type":"page","link":"https:\/\/www.musicletter.it\/luca\/privacy-policy\/","title":{"rendered":"Privacy Policy"},"content":{"rendered":"\n<p><strong>LA PRIVACY POLICY DI QUESTO SITO<\/strong><\/p>\n\n\n\n<p><em>Aggiornata al 27 aprile 2020<\/em><\/p>\n\n\n\n<p>Leggi anche <a href=\"https:\/\/www.musicletter.it\/home\/copyright\/\">il disclaimer e il copyright<\/a> relativi a questo blog.<\/p>\n\n\n\n<p><strong>1)<\/strong> Scopo e finalit\u00e0 di questo sito Musicletter.it \u00e8 un blog indipendente di informazione musicale e culturale che non ha fini di lucro.<\/p>\n\n\n\n<p><strong>2)<\/strong> In questa pagina si descrivono, in modo chiaro, responsabilit\u00e0 e modalit\u00e0 di gestione del sito www.musicletter.it (Musicletter.it) in riferimento al trattamento dei dati personali degli utenti che lo consultano, nel rispetto del <a rel=\"noreferrer noopener\" href=\"https:\/\/eur-lex.europa.eu\/legal-content\/IT\/TXT\/HTML\/?uri=CELEX:32016R0679\" target=\"_blank\">Regolamento Generale sulla Protezione dei Dati (UE 2016\/679)<\/a>.<\/p>\n\n\n\n<p><strong>3) <\/strong>Titolare del trattamento \u00e8 il responsabile legale dell\u2019Associazione editoriale e culturale Musicletter.it con sede a Sora (Fr) in via Giuseppe Ferri n. 8\/h Fab. 3\/A<\/p>\n\n\n\n<p><strong>4)<\/strong> Responsabile del trattamento \u00e8 l&#8217;Associazione editoriale e culturale Musicletter.it, attraverso il suo rappresentante legale<\/p>\n\n\n\n<p><strong>5)<\/strong> Il trattamento dei dati personali ha luogo presso il sito della sede dell\u2019Associazione editoriale e culturale Musicletter.it<\/p>\n\n\n\n<p><strong>6) <\/strong>Eccezion fatta per i cosiddetti \u201ccookie di terze parti\u201d e della newsletter gestita da FeedBurner di cui non questo sito non ha alcuna responsabilit\u00e0 diretta (vedi paragrafi successivi), Musicletter.it raccoglie in via del tutto temporanea soltanto gli indirizzi di posta elettronica (email) forniti dagli utenti nel momento in cui, scrivendo alla redazione o compilando il form \u201cContact\u201d o registrandosi alla &#8220;Newsletter&#8221;, decidono di avere maggiori informazioni sulla nostra attivit\u00e0 culturale. Le email acquisite non sono affatto cedute a terzi e vengono utilizzate solo per soddisfare la singola richiesta dell\u2019utente o inviare comunicazioni relative all&#8217;attivit\u00e0 culturale del sito.<\/p>\n\n\n\n<p><strong>7)<\/strong> I sistemi informatici preposti al funzionamento di questo sito web potrebbero acquisire, nel corso del loro normale esercizio, alcuni dati personali la cui trasmissione \u00e8 implicita nell&#8217;uso dei protocolli di comunicazione di Internet di cui, tuttavia, Musicletter.it non ha alcun responsabilit\u00e0 diretta. Si tratta di informazioni che non sono raccolte per essere associate a interessati identificati, ma che per loro stessa natura potrebbero, attraverso elaborazioni e associazioni con dati detenuti da terzi, permettere di identificare gli utenti. In questa categoria di dati rientrano gli indirizzi IP o i nomi a dominio dei computer utilizzati dagli utenti che si connettono al sito, gli indirizzi in notazione URI (Uniform Resource Identifier) delle risorse richieste, l&#8217;orario della richiesta, il metodo utilizzato nel sottoporre la richiesta al server, la dimensione del file ottenuto in risposta, il codice numerico indicante lo stato della risposta data dal server (buon fine, errore, ecc.) e altri parametri relativi al sistema operativo e all&#8217;ambiente informatico dell&#8217;utente. Alcuni dati inoltre potrebbero essere gestiti in forma anonima da sistemi informatici collegati al solo fine di ricavare informazioni statistiche sull&#8217;uso del sito (numero di visite giornaliere uniche e totali) e per controllarne il corretto funzionamento. In caso di ipotetici reati informatici e non ai danni del sito stesso o terzi, il responsabile di Musicletter.it si mette a completa disposizione delle autorit\u00e0 competenti.<\/p>\n\n\n\n<p><strong>8) <\/strong>L&#8217;invio facoltativo, esplicito e volontario di posta elettronica agli indirizzi indicati su questo sito o tramite form \u201cContact\u201d e &#8220;Newsletter&#8221; comporta la successiva acquisizione dell&#8217;indirizzo del mittente, necessario per rispondere alle richieste. Specifiche informative di sintesi verranno progressivamente riportate o visualizzate nelle pagine del sito predisposte per particolari servizi a richiesta. Ricordiamo a questo proposito che Musicletter.it acquisisce solo indirizzi mail trasmessi tramite le sezione &#8220;Contact&#8221; o &#8220;Newsletter&#8221;. L&#8217;altra newsletter presente sul sito \u00e8 gestita tramite Feedburner che \u00e8 anche l\u2019unico responsabile del trattamento dati <a rel=\"noreferrer noopener\" href=\"https:\/\/policies.google.com\/privacy?hl=it\" target=\"_blank\">(leggi qui)<\/a>.<\/p>\n\n\n\n<p><strong>9)<\/strong> Eccezion fatta per i cookie di terze parti, e le email inviateci dal diretto interessato, nessun dato personale degli utenti viene in proposito acquisito dal sito. Non vengono fatto uso di cookie per la trasmissione di informazioni di carattere personale, n\u00e9 vengono utilizzati c.d. cookie persistenti di alcun tipo, ovvero sistemi per il tracciamento degli utenti. L&#8217;uso di c.d. cookie di sessione (che non vengono memorizzati in modo persistente sul computer dell&#8217;utente e svaniscono con la chiusura del browser) \u00e8 strettamente limitato alla trasmissione di identificativi di sessione (costituiti da numeri casuali generati dal server) necessari per consentire l&#8217;esplorazione sicura ed efficiente del sito. I c.d. cookie di sessione utilizzati in questo sito evitano il ricorso ad altre tecniche informatiche potenzialmente pregiudizievoli per la riservatezza della navigazione degli utenti e non consentono l&#8217;acquisizione di dati personali identificativi dell&#8217;utente. Su questo sito sono presenti i c.d. cookie di terze parti, ovvero che appartengono a siti diversi e che quindi Musicletter.it non gestisce e di cui non ha alcuna responsabilit\u00e0. I cookie di terze parti presenti al momento della navigazione\/accesso su www.musicletter.it sono derivanti dall\u2019uso delle seguenti applicazioni, per cui si raccomanda di leggere attentamente le condizioni: &#8211; Google AdSense (<a rel=\"noreferrer noopener\" href=\"https:\/\/policies.google.com\/privacy\/update\" target=\"_blank\">leggi informativa<\/a>) &#8211; Google Analytics (<a rel=\"noreferrer noopener\" href=\"https:\/\/policies.google.com\/privacy\/update\" target=\"_blank\">leggi informativa<\/a>) &#8211; Facebook (<a rel=\"noreferrer noopener\" href=\"https:\/\/www.facebook.com\/policy.php\" target=\"_blank\">leggi informativa<\/a>) &#8211; Twitter (<a rel=\"noreferrer noopener\" href=\"https:\/\/twitter.com\/it\/privacy\" target=\"_blank\">leggi informativa<\/a>) &#8211; Google+ (<a rel=\"noreferrer noopener\" href=\"https:\/\/policies.google.com\/privacy\/update\" target=\"_blank\">leggi informativa<\/a>) &#8211; FlatPress (<a rel=\"noreferrer noopener\" href=\"https:\/\/bit.ly\/2L1Q0Db\" target=\"_blank\">leggi informativa<\/a>) &#8211; FeedBurner (<a rel=\"noreferrer noopener\" href=\"https:\/\/policies.google.com\/privacy\/update\" target=\"_blank\">leggi informativa<\/a>) &#8211; Instagram (<a rel=\"noreferrer noopener\" href=\"https:\/\/help.instagram.com\/519522125107875?helpref=page_content\" target=\"_blank\">leggi informativa<\/a>) &#8211; MySpace (<a rel=\"noreferrer noopener\" href=\"https:\/\/myspace.com\/pages\/privacy\" target=\"_blank\">leggi informativa<\/a>) &#8211; Last.fm (<a rel=\"noreferrer noopener\" href=\"https:\/\/www.last.fm\/it\/legal\/privacy\" target=\"_blank\">leggi informativa<\/a>) &#8211; Feedwind (<a rel=\"noreferrer noopener\" href=\"https:\/\/feed.mikle.com\/support\/privacy-policy\/\" target=\"_blank\">leggi informativa<\/a>) &#8211; Aruba (<a rel=\"noreferrer noopener\" href=\"https:\/\/hosting.aruba.it\/documents\/tc-files\/it\/7_policyutilizzoserviziaruba.pdf\" target=\"_blank\">leggi informativa<\/a>) &#8211; ShareThis (<a rel=\"noreferrer noopener\" href=\"https:\/\/www.sharethis.com\/privacy\/\" target=\"_blank\">leggi informativa<\/a>) &#8211; YouTube (<a rel=\"noreferrer noopener\" href=\"https:\/\/www.youtube.com\/static?template=privacy_guidelines\" target=\"_blank\">leggi informativa<\/a>) &#8211; WhatsApp (<a rel=\"noreferrer noopener\" href=\"https:\/\/www.whatsapp.com\/legal\/\" target=\"_blank\">leggi informativa<\/a>) &#8211; SoundCloud (<a rel=\"noreferrer noopener\" href=\"https:\/\/soundcloud.com\/pages\/privacy\" target=\"_blank\">leggi informativa<\/a>) &#8211; Bandcamp (<a rel=\"noreferrer noopener\" href=\"https:\/\/bandcamp.com\/privacy\" target=\"_blank\">leggi informativa<\/a>)<\/p>\n\n\n\n<p><strong>10<\/strong>) A parte quanto specificato per i dati di navigazione, l&#8217;utente \u00e8 libero di fornire a Musicletter.it, sotto la propria responsabilit\u00e0, i dati personali riportati nei moduli di richiesta. Il loro mancato conferimento pu\u00f2 comportare l&#8217;impossibilit\u00e0 di ottenere quanto richiesto.<\/p>\n\n\n\n<p><strong>11<\/strong>) I dati personali di cui ai punti precedenti sono trattati con strumenti automatizzati per il tempo strettamente necessario a conseguire gli scopi per cui sono stati raccolti. Specifiche misure di sicurezza sono osservate per prevenire la perdita dei dati, usi illeciti o non corretti e accessi non autorizzati.<\/p>\n\n\n\n<p><strong>12<\/strong>) Premesso che Musicletter.it non acquisisce direttamente alcun dato personale, salvo i casi previsti ai punti precedenti, i soggetti hanno il diritto in qualunque momento di ottenere eventuale conferma dell&#8217;esistenza o meno dei propri dati personali e di conoscerne il contenuto e l&#8217;origine, verificarne l&#8217;esattezza o chiederne l&#8217;integrazione o l&#8217;aggiornamento oppure la rettifica. In caso di acquisizione di dati personali, in qualunque momento l&#8217;utente ha il diritto di chiedere la cancellazione, la trasformazione in forma anonima o il blocco dei dati trattati in violazione di legge, nonch\u00e9 di opporsi al loro trattamento. Le richieste vanno rivolte ai seguenti indirizzi di posta elettronica: associazionemusicletter@gmail.com oppure a musicletter@gmail.com<\/p>\n\n\n\n<p><strong>13<\/strong>) La presente informativa sulla privacy \u00e8 consultabile in forma automatica dai pi\u00f9 recenti browser che implementano lo standard P3P (&#8220;Platform for Privacy Preferences Project&#8221;) proposto dal World Wide Web Consortium (www.w3c.org). Ogni sforzo verr\u00e0 fatto per rendere il pi\u00f9 possibile interoperabili le funzionalit\u00e0 di questo sito con i meccanismi di controllo automatico della privacy disponibili in alcuni prodotti utilizzati dagli utenti. Considerando che lo stato di perfezionamento dei meccanismi automatici di controllo non li rende attualmente esenti da errori e disfunzioni, si precisa che il presente documento, pubblicato all&#8217;indirizzo www.musicletter.it\/home\/privacy costituisce la &#8220;Privacy Policy&#8221; di questo sito che sar\u00e0 soggetta ad aggiornamenti.<\/p>\n","protected":false},"excerpt":{"rendered":"<p>LA PRIVACY POLICY DI QUESTO SITO Aggiornata al 27 aprile 2020 Leggi anche il disclaimer e il copyright relativi a questo blog. 1) Scopo e finalit\u00e0 di questo sito Musicletter.it \u00e8 un blog indipendente di informazione musicale e culturale che non ha fini di lucro. 2) In questa pagina si descrivono, in modo chiaro, responsabilit\u00e0&hellip;<\/p>\n","protected":false},"author":1,"featured_media":452,"parent":0,"menu_order":0,"comment_status":"closed","ping_status":"closed","template":"","meta":{"footnotes":""},"class_list":["post-369","page","type-page","status-publish","has-post-thumbnail","hentry"],"yoast_head":"<!-- This site is optimized with the Yoast SEO plugin v27.4 - https:\/\/yoast.com\/product\/yoast-seo-wordpress\/ -->\r\n<title>Privacy Policy &#8902; Il blog di Luca D&#039;Ambrosio<\/title>\r\n<meta name=\"description\" content=\"L&#039;amore per un disco \u00e8 un sentimento reale (Luca D&#039;Ambrosio)\" \/>\r\n<meta name=\"robots\" content=\"index, follow, max-snippet:-1, max-image-preview:large, max-video-preview:-1\" \/>\r\n<link rel=\"canonical\" href=\"https:\/\/www.musicletter.it\/luca\/privacy-policy\/\" \/>\r\n<meta property=\"og:locale\" content=\"it_IT\" \/>\r\n<meta property=\"og:type\" content=\"article\" \/>\r\n<meta property=\"og:title\" content=\"Privacy Policy &#8902; Il blog di Luca D&#039;Ambrosio\" \/>\r\n<meta property=\"og:description\" content=\"L&#039;amore per un disco \u00e8 un sentimento reale (Luca D&#039;Ambrosio)\" \/>\r\n<meta property=\"og:url\" content=\"https:\/\/www.musicletter.it\/luca\/privacy-policy\/\" \/>\r\n<meta property=\"og:site_name\" content=\"Il blog di Luca D&#039;Ambrosio\" \/>\r\n<meta property=\"article:publisher\" content=\"https:\/\/www.facebook.com\/luca.dambrosio\" \/>\r\n<meta property=\"article:modified_time\" content=\"2020-05-11T19:05:13+00:00\" \/>\r\n<meta property=\"og:image\" content=\"https:\/\/www.musicletter.it\/luca\/wp-content\/uploads\/2020\/05\/privacy-musicletter-1.png\" \/>\r\n\t<meta property=\"og:image:width\" content=\"530\" \/>\r\n\t<meta property=\"og:image:height\" content=\"340\" \/>\r\n\t<meta property=\"og:image:type\" content=\"image\/png\" \/>\r\n<meta name=\"twitter:card\" content=\"summary_large_image\" \/>\r\n<meta name=\"twitter:site\" content=\"@lucadambrosio\" \/>\r\n<meta name=\"twitter:label1\" content=\"Tempo di lettura stimato\" \/>\n\t<meta name=\"twitter:data1\" content=\"6 minuti\" \/>\r\n<script type=\"application\/ld+json\" class=\"yoast-schema-graph\">{\"@context\":\"https:\\\/\\\/schema.org\",\"@graph\":[{\"@type\":\"WebPage\",\"@id\":\"https:\\\/\\\/www.musicletter.it\\\/luca\\\/privacy-policy\\\/\",\"url\":\"https:\\\/\\\/www.musicletter.it\\\/luca\\\/privacy-policy\\\/\",\"name\":\"Privacy Policy &#8902; Il blog di Luca D&#039;Ambrosio\",\"isPartOf\":{\"@id\":\"https:\\\/\\\/www.musicletter.it\\\/luca\\\/#website\"},\"primaryImageOfPage\":{\"@id\":\"https:\\\/\\\/www.musicletter.it\\\/luca\\\/privacy-policy\\\/#primaryimage\"},\"image\":{\"@id\":\"https:\\\/\\\/www.musicletter.it\\\/luca\\\/privacy-policy\\\/#primaryimage\"},\"thumbnailUrl\":\"https:\\\/\\\/www.musicletter.it\\\/luca\\\/wp-content\\\/uploads\\\/2020\\\/05\\\/privacy-musicletter-1.png\",\"datePublished\":\"2020-04-12T21:35:29+00:00\",\"dateModified\":\"2020-05-11T19:05:13+00:00\",\"description\":\"L'amore per un disco \u00e8 un sentimento reale (Luca D'Ambrosio)\",\"breadcrumb\":{\"@id\":\"https:\\\/\\\/www.musicletter.it\\\/luca\\\/privacy-policy\\\/#breadcrumb\"},\"inLanguage\":\"it-IT\",\"potentialAction\":[{\"@type\":\"ReadAction\",\"target\":[\"https:\\\/\\\/www.musicletter.it\\\/luca\\\/privacy-policy\\\/\"]}]},{\"@type\":\"ImageObject\",\"inLanguage\":\"it-IT\",\"@id\":\"https:\\\/\\\/www.musicletter.it\\\/luca\\\/privacy-policy\\\/#primaryimage\",\"url\":\"https:\\\/\\\/www.musicletter.it\\\/luca\\\/wp-content\\\/uploads\\\/2020\\\/05\\\/privacy-musicletter-1.png\",\"contentUrl\":\"https:\\\/\\\/www.musicletter.it\\\/luca\\\/wp-content\\\/uploads\\\/2020\\\/05\\\/privacy-musicletter-1.png\",\"width\":530,\"height\":340},{\"@type\":\"BreadcrumbList\",\"@id\":\"https:\\\/\\\/www.musicletter.it\\\/luca\\\/privacy-policy\\\/#breadcrumb\",\"itemListElement\":[{\"@type\":\"ListItem\",\"position\":1,\"name\":\"Home\",\"item\":\"https:\\\/\\\/www.musicletter.it\\\/luca\\\/\"},{\"@type\":\"ListItem\",\"position\":2,\"name\":\"Privacy Policy\"}]},{\"@type\":\"WebSite\",\"@id\":\"https:\\\/\\\/www.musicletter.it\\\/luca\\\/#website\",\"url\":\"https:\\\/\\\/www.musicletter.it\\\/luca\\\/\",\"name\":\"Il blog di Luca D'Ambrosio (L'amore per un disco \u00e8 un sentimento reale)\",\"description\":\"L&#039;amore per un disco \u00e8 un sentimento reale\",\"publisher\":{\"@id\":\"https:\\\/\\\/www.musicletter.it\\\/luca\\\/#\\\/schema\\\/person\\\/08de73e3eb2c4dc14f20c44f89e021ac\"},\"potentialAction\":[{\"@type\":\"SearchAction\",\"target\":{\"@type\":\"EntryPoint\",\"urlTemplate\":\"https:\\\/\\\/www.musicletter.it\\\/luca\\\/?s={search_term_string}\"},\"query-input\":{\"@type\":\"PropertyValueSpecification\",\"valueRequired\":true,\"valueName\":\"search_term_string\"}}],\"inLanguage\":\"it-IT\"},{\"@type\":[\"Person\",\"Organization\"],\"@id\":\"https:\\\/\\\/www.musicletter.it\\\/luca\\\/#\\\/schema\\\/person\\\/08de73e3eb2c4dc14f20c44f89e021ac\",\"name\":\"Luca D'Ambrosio\",\"image\":{\"@type\":\"ImageObject\",\"inLanguage\":\"it-IT\",\"@id\":\"https:\\\/\\\/www.musicletter.it\\\/luca\\\/wp-content\\\/uploads\\\/2020\\\/04\\\/unnamed-side.png\",\"url\":\"https:\\\/\\\/www.musicletter.it\\\/luca\\\/wp-content\\\/uploads\\\/2020\\\/04\\\/unnamed-side.png\",\"contentUrl\":\"https:\\\/\\\/www.musicletter.it\\\/luca\\\/wp-content\\\/uploads\\\/2020\\\/04\\\/unnamed-side.png\",\"width\":2453,\"height\":500,\"caption\":\"Luca D'Ambrosio\"},\"logo\":{\"@id\":\"https:\\\/\\\/www.musicletter.it\\\/luca\\\/wp-content\\\/uploads\\\/2020\\\/04\\\/unnamed-side.png\"},\"description\":\"Luca D'Ambrosio (Sora, 1970) \u00e8 un blogger appassionato di musica. Fondatore e responsabile del sito di informazione musicale e culturale Musicletter.it, in passato ha scritto per riviste e magazine online e ha contribuito a diverse pubblicazioni editoriali. \u00c8 stato consulente musicale di due programmi radiofonici della Rappresentanza in Italia della Commissione europea nonch\u00e9 ideatore del Premio nazionale per il giornalismo musicale sul web. Collaboratore di lunga data del MEI, il Meeting delle Etichette Indipendenti, dal 2012 fa parte della giuria delle Targhe Tenco. Per Arcana Edizioni ha scritto tre libri: \\\"La musica, per me\\\" (2018), \\\"Musica migrante\\\" (2019) e \\\"Musica per cani\\\" (2020). Inoltre ha conseguito dei riconoscimenti nell'ambito del Festival di Internazionale a Ferrara e del Festival Nazionale dei Conservatori a Frosinone. \\\"Voci Chiassose\\\" (1996) \u00e8 la sua prima pubblicazione autoprodotta, ristampata, sempre autonomamente, nel 2021. A febbraio 2023 entra a fa parte dei 150 membri della giuria della sala stampa, radio, tv e web del 73\u00b0 Festival di Sanremo.\",\"sameAs\":[\"https:\\\/\\\/www.musicletter.it\\\/luca\",\"https:\\\/\\\/www.facebook.com\\\/luca.dambrosio\",\"https:\\\/\\\/www.instagram\\\/lucadambrosio70\",\"https:\\\/\\\/www.linkedin.com\\\/in\\\/dambrosioluca\\\/\",\"https:\\\/\\\/x.com\\\/lucadambrosio\"]}]}<\/script>\r\n<!-- \/ Yoast SEO plugin. -->","yoast_head_json":{"title":"Privacy Policy &#8902; Il blog di Luca D&#039;Ambrosio","description":"L'amore per un disco \u00e8 un sentimento reale (Luca D'Ambrosio)","robots":{"index":"index","follow":"follow","max-snippet":"max-snippet:-1","max-image-preview":"max-image-preview:large","max-video-preview":"max-video-preview:-1"},"canonical":"https:\/\/www.musicletter.it\/luca\/privacy-policy\/","og_locale":"it_IT","og_type":"article","og_title":"Privacy Policy &#8902; Il blog di Luca D&#039;Ambrosio","og_description":"L'amore per un disco \u00e8 un sentimento reale (Luca D'Ambrosio)","og_url":"https:\/\/www.musicletter.it\/luca\/privacy-policy\/","og_site_name":"Il blog di Luca D&#039;Ambrosio","article_publisher":"https:\/\/www.facebook.com\/luca.dambrosio","article_modified_time":"2020-05-11T19:05:13+00:00","og_image":[{"width":530,"height":340,"url":"https:\/\/www.musicletter.it\/luca\/wp-content\/uploads\/2020\/05\/privacy-musicletter-1.png","type":"image\/png"}],"twitter_card":"summary_large_image","twitter_site":"@lucadambrosio","twitter_misc":{"Tempo di lettura stimato":"6 minuti"},"schema":{"@context":"https:\/\/schema.org","@graph":[{"@type":"WebPage","@id":"https:\/\/www.musicletter.it\/luca\/privacy-policy\/","url":"https:\/\/www.musicletter.it\/luca\/privacy-policy\/","name":"Privacy Policy &#8902; Il blog di Luca D&#039;Ambrosio","isPartOf":{"@id":"https:\/\/www.musicletter.it\/luca\/#website"},"primaryImageOfPage":{"@id":"https:\/\/www.musicletter.it\/luca\/privacy-policy\/#primaryimage"},"image":{"@id":"https:\/\/www.musicletter.it\/luca\/privacy-policy\/#primaryimage"},"thumbnailUrl":"https:\/\/www.musicletter.it\/luca\/wp-content\/uploads\/2020\/05\/privacy-musicletter-1.png","datePublished":"2020-04-12T21:35:29+00:00","dateModified":"2020-05-11T19:05:13+00:00","description":"L'amore per un disco \u00e8 un sentimento reale (Luca D'Ambrosio)","breadcrumb":{"@id":"https:\/\/www.musicletter.it\/luca\/privacy-policy\/#breadcrumb"},"inLanguage":"it-IT","potentialAction":[{"@type":"ReadAction","target":["https:\/\/www.musicletter.it\/luca\/privacy-policy\/"]}]},{"@type":"ImageObject","inLanguage":"it-IT","@id":"https:\/\/www.musicletter.it\/luca\/privacy-policy\/#primaryimage","url":"https:\/\/www.musicletter.it\/luca\/wp-content\/uploads\/2020\/05\/privacy-musicletter-1.png","contentUrl":"https:\/\/www.musicletter.it\/luca\/wp-content\/uploads\/2020\/05\/privacy-musicletter-1.png","width":530,"height":340},{"@type":"BreadcrumbList","@id":"https:\/\/www.musicletter.it\/luca\/privacy-policy\/#breadcrumb","itemListElement":[{"@type":"ListItem","position":1,"name":"Home","item":"https:\/\/www.musicletter.it\/luca\/"},{"@type":"ListItem","position":2,"name":"Privacy Policy"}]},{"@type":"WebSite","@id":"https:\/\/www.musicletter.it\/luca\/#website","url":"https:\/\/www.musicletter.it\/luca\/","name":"Il blog di Luca D'Ambrosio (L'amore per un disco \u00e8 un sentimento reale)","description":"L&#039;amore per un disco \u00e8 un sentimento reale","publisher":{"@id":"https:\/\/www.musicletter.it\/luca\/#\/schema\/person\/08de73e3eb2c4dc14f20c44f89e021ac"},"potentialAction":[{"@type":"SearchAction","target":{"@type":"EntryPoint","urlTemplate":"https:\/\/www.musicletter.it\/luca\/?s={search_term_string}"},"query-input":{"@type":"PropertyValueSpecification","valueRequired":true,"valueName":"search_term_string"}}],"inLanguage":"it-IT"},{"@type":["Person","Organization"],"@id":"https:\/\/www.musicletter.it\/luca\/#\/schema\/person\/08de73e3eb2c4dc14f20c44f89e021ac","name":"Luca D'Ambrosio","image":{"@type":"ImageObject","inLanguage":"it-IT","@id":"https:\/\/www.musicletter.it\/luca\/wp-content\/uploads\/2020\/04\/unnamed-side.png","url":"https:\/\/www.musicletter.it\/luca\/wp-content\/uploads\/2020\/04\/unnamed-side.png","contentUrl":"https:\/\/www.musicletter.it\/luca\/wp-content\/uploads\/2020\/04\/unnamed-side.png","width":2453,"height":500,"caption":"Luca D'Ambrosio"},"logo":{"@id":"https:\/\/www.musicletter.it\/luca\/wp-content\/uploads\/2020\/04\/unnamed-side.png"},"description":"Luca D'Ambrosio (Sora, 1970) \u00e8 un blogger appassionato di musica. Fondatore e responsabile del sito di informazione musicale e culturale Musicletter.it, in passato ha scritto per riviste e magazine online e ha contribuito a diverse pubblicazioni editoriali. \u00c8 stato consulente musicale di due programmi radiofonici della Rappresentanza in Italia della Commissione europea nonch\u00e9 ideatore del Premio nazionale per il giornalismo musicale sul web. Collaboratore di lunga data del MEI, il Meeting delle Etichette Indipendenti, dal 2012 fa parte della giuria delle Targhe Tenco. Per Arcana Edizioni ha scritto tre libri: \"La musica, per me\" (2018), \"Musica migrante\" (2019) e \"Musica per cani\" (2020). Inoltre ha conseguito dei riconoscimenti nell'ambito del Festival di Internazionale a Ferrara e del Festival Nazionale dei Conservatori a Frosinone. \"Voci Chiassose\" (1996) \u00e8 la sua prima pubblicazione autoprodotta, ristampata, sempre autonomamente, nel 2021. A febbraio 2023 entra a fa parte dei 150 membri della giuria della sala stampa, radio, tv e web del 73\u00b0 Festival di Sanremo.","sameAs":["https:\/\/www.musicletter.it\/luca","https:\/\/www.facebook.com\/luca.dambrosio","https:\/\/www.instagram\/lucadambrosio70","https:\/\/www.linkedin.com\/in\/dambrosioluca\/","https:\/\/x.com\/lucadambrosio"]}]}},"_links":{"self":[{"href":"https:\/\/www.musicletter.it\/luca\/wp-json\/wp\/v2\/pages\/369","targetHints":{"allow":["GET"]}}],"collection":[{"href":"https:\/\/www.musicletter.it\/luca\/wp-json\/wp\/v2\/pages"}],"about":[{"href":"https:\/\/www.musicletter.it\/luca\/wp-json\/wp\/v2\/types\/page"}],"author":[{"embeddable":true,"href":"https:\/\/www.musicletter.it\/luca\/wp-json\/wp\/v2\/users\/1"}],"replies":[{"embeddable":true,"href":"https:\/\/www.musicletter.it\/luca\/wp-json\/wp\/v2\/comments?post=369"}],"version-history":[{"count":0,"href":"https:\/\/www.musicletter.it\/luca\/wp-json\/wp\/v2\/pages\/369\/revisions"}],"wp:featuredmedia":[{"embeddable":true,"href":"https:\/\/www.musicletter.it\/luca\/wp-json\/wp\/v2\/media\/452"}],"wp:attachment":[{"href":"https:\/\/www.musicletter.it\/luca\/wp-json\/wp\/v2\/media?parent=369"}],"curies":[{"name":"wp","href":"https:\/\/api.w.org\/{rel}","templated":true}]}}